{"id":1231,"date":"2021-05-12T15:41:37","date_gmt":"2021-05-12T14:41:37","guid":{"rendered":"https:\/\/dynax.io\/architecture-home\/"},"modified":"2024-12-10T17:33:57","modified_gmt":"2024-12-10T17:33:57","slug":"architecture-home","status":"publish","type":"page","link":"https:\/\/dynax.io\/de\/","title":{"rendered":"Willkommen"},"content":{"rendered":"<p><div class=\"fusion-fullwidth fullwidth-box fusion-builder-row-1 fusion-flex-container nonhundred-percent-fullwidth non-hundred-percent-height-scrolling\" style=\"--awb-background-position:left top;--awb-border-sizes-top:0px;--awb-border-sizes-bottom:0px;--awb-border-sizes-left:0px;--awb-border-sizes-right:0px;--awb-border-radius-top-left:0px;--awb-border-radius-top-right:0px;--awb-border-radius-bottom-right:0px;--awb-border-radius-bottom-left:0px;--awb-padding-top:150px;--awb-padding-bottom:105px;--awb-flex-wrap:wrap;\" ><div class=\"fusion-builder-row fusion-row fusion-flex-align-items-flex-start fusion-flex-content-wrap\" style=\"max-width:1216.8px;margin-left: calc(-4% \/ 2 );margin-right: calc(-4% \/ 2 );\"><div class=\"fusion-layout-column fusion_builder_column fusion-builder-column-0 fusion_builder_column_1_3 1_3 fusion-flex-column\" style=\"--awb-bg-blend:overlay;--awb-bg-size:cover;--awb-width-large:33.333333333333%;--awb-margin-top-large:0px;--awb-spacing-right-large:5.76%;--awb-margin-bottom-large:40px;--awb-spacing-left-large:5.76%;--awb-width-medium:100%;--awb-spacing-right-medium:1.92%;--awb-spacing-left-medium:1.92%;--awb-width-small:100%;--awb-spacing-right-small:1.92%;--awb-spacing-left-small:1.92%;\"><div class=\"fusion-column-wrapper fusion-flex-justify-content-flex-start fusion-content-layout-column\"><div class=\"fusion-title title fusion-title-1 fusion-sep-none fusion-title-text fusion-title-size-two\" style=\"--awb-margin-bottom:50px;--awb-margin-top-small:0px;--awb-margin-right-small:0px;--awb-margin-bottom-small:20px;--awb-margin-left-small:0px;\"><h2 class=\"fusion-title-heading title-heading-left fusion-responsive-typography-calculated\" style=\"margin:0;text-transform:capitalize;--fontSize:48;line-height:var(--awb-typography1-line-height);\">DIGITALE INNOVATION GESTALTEN<\/h2><\/div><div class=\"fusion-separator\" style=\"align-self: flex-start;margin-right:auto;margin-top:0px;margin-bottom:40px;width:100%;max-width:170px;\"><div class=\"fusion-separator-border sep-single sep-solid\" style=\"--awb-height:20px;--awb-amount:20px;--awb-sep-color:var(--awb-color3);border-color:var(--awb-color3);border-top-width:3px;\"><\/div><\/div><div class=\"fusion-text fusion-text-1\" style=\"--awb-font-size:var(--awb-typography2-font-size);--awb-line-height:var(--awb-typography2-line-height);--awb-letter-spacing:var(--awb-typography2-letter-spacing);--awb-text-transform:var(--awb-typography2-text-transform);--awb-text-font-family:var(--awb-typography2-font-family);--awb-text-font-weight:var(--awb-typography2-font-weight);--awb-text-font-style:var(--awb-typography2-font-style);\"><p>Massgeschneiderte Entwicklungen und sichere L\u00f6sungen als Grundlage der digitalen Transformation<\/p>\n<\/div><\/div><\/div><div class=\"fusion-layout-column fusion_builder_column fusion-builder-column-1 fusion_builder_column_1_3 1_3 fusion-flex-column\" style=\"--awb-bg-blend:overlay;--awb-bg-size:cover;--awb-width-large:33.333333333333%;--awb-margin-top-large:0px;--awb-spacing-right-large:5.76%;--awb-margin-bottom-large:0px;--awb-spacing-left-large:5.76%;--awb-width-medium:100%;--awb-spacing-right-medium:1.92%;--awb-spacing-left-medium:1.92%;--awb-width-small:100%;--awb-spacing-right-small:1.92%;--awb-spacing-left-small:1.92%;\"><div class=\"fusion-column-wrapper fusion-flex-justify-content-flex-start fusion-content-layout-column\"><div class=\"fusion-image-element \" style=\"--awb-caption-title-font-family:var(--h2_typography-font-family);--awb-caption-title-font-weight:var(--h2_typography-font-weight);--awb-caption-title-font-style:var(--h2_typography-font-style);--awb-caption-title-size:var(--h2_typography-font-size);--awb-caption-title-transform:var(--h2_typography-text-transform);--awb-caption-title-line-height:var(--h2_typography-line-height);--awb-caption-title-letter-spacing:var(--h2_typography-letter-spacing);\"><span class=\" fusion-imageframe imageframe-none imageframe-1 hover-type-zoomin\"><img decoding=\"async\" width=\"360\" height=\"270\" title=\"lead-home\" src=\"https:\/\/dynax.io\/wp-content\/uploads\/2024\/10\/lead-home-1.webp\" data-orig-src=\"https:\/\/dynax.io\/wp-content\/uploads\/2024\/10\/lead-home-1.webp\" alt class=\"lazyload img-responsive wp-image-1017\" srcset=\"data:image\/svg+xml,%3Csvg%20xmlns%3D%27http%3A%2F%2Fwww.w3.org%2F2000%2Fsvg%27%20width%3D%27360%27%20height%3D%27270%27%20viewBox%3D%270%200%20360%20270%27%3E%3Crect%20width%3D%27360%27%20height%3D%27270%27%20fill-opacity%3D%220%22%2F%3E%3C%2Fsvg%3E\" data-srcset=\"https:\/\/dynax.io\/wp-content\/uploads\/2024\/10\/lead-home-1-200x150.webp 200w, https:\/\/dynax.io\/wp-content\/uploads\/2024\/10\/lead-home-1.webp 360w\" data-sizes=\"auto\" data-orig-sizes=\"(max-width: 800px) 100vw, (max-width: 640px) 100vw, 360px\" \/><\/span><\/div><div class=\"fusion-separator fusion-full-width-sep\" style=\"align-self: flex-start;margin-right:auto;margin-top:10px;margin-bottom:10px;width:100%;\"><\/div><div class=\"fusion-text fusion-text-2\"><p>Wir haben es uns zur Aufgabe gemacht, Unternehmen mit einer breiten Palette an digitalen Dienstleistungen zu unterst\u00fctzen. Wir erstellen massgeschneiderte Anwendungen und Konzepte, bei denen Funktionalit\u00e4t und Benutzerfreundlichkeit im Vordergrund stehen und die speziell auf die Bed\u00fcrfnisse jedes einzelnen Kunden zugeschnitten sind.<\/p>\n<\/div><\/div><\/div><div class=\"fusion-layout-column fusion_builder_column fusion-builder-column-2 fusion_builder_column_1_3 1_3 fusion-flex-column\" style=\"--awb-bg-blend:overlay;--awb-bg-size:cover;--awb-width-large:33.333333333333%;--awb-margin-top-large:0px;--awb-spacing-right-large:5.76%;--awb-margin-bottom-large:20px;--awb-spacing-left-large:5.76%;--awb-width-medium:100%;--awb-spacing-right-medium:1.92%;--awb-spacing-left-medium:1.92%;--awb-width-small:100%;--awb-spacing-right-small:1.92%;--awb-spacing-left-small:1.92%;\"><div class=\"fusion-column-wrapper fusion-flex-justify-content-flex-start fusion-content-layout-column\"><div class=\"fusion-text fusion-text-3\"><p>Unsere Dienstleistungen im Bereich digitale Transformation helfen Unternehmen, sich an die sich schnell entwickelnde Technologielandschaft anzupassen und ihre Effizienz und Wettbewerbsf\u00e4higkeit zu steigern. Sicherheit ist das Herzst\u00fcck unserer Arbeit &#8211; unsere Cybersicherheitsl\u00f6sungen sch\u00fctzen digitale Werte und sorgen f\u00fcr eine sichere Online-Umgebung. Mit App-Entwicklung, Web-Entwicklung, Transformationsstrategien und Cybersicherheit begleiten wir Sie auf Ihrem digitalen Weg mit Expertise und Innovation.<\/p>\n<\/div><div class=\"fusion-separator fusion-full-width-sep\" style=\"align-self: center;margin-left: auto;margin-right: auto;margin-top:20px;width:100%;\"><\/div><div ><a class=\"fusion-button button-flat button-xlarge button-custom fusion-button-default button-1 fusion-button-default-span fusion-button-default-type\" style=\"--button_accent_color:var(--awb-custom_color_1);--button_border_color:var(--awb-custom_color_1);--button_accent_hover_color:hsla(var(--awb-color5-h),var(--awb-color5-s),var(--awb-color5-l),calc(var(--awb-color5-a) - 10%));--button_border_hover_color:hsla(var(--awb-color5-h),var(--awb-color5-s),var(--awb-color5-l),calc(var(--awb-color5-a) - 10%));--button_border_width-top:1px;--button_border_width-right:1px;--button_border_width-bottom:1px;--button_border_width-left:1px;--button_gradient_top_color:rgba(255,255,255,0);--button_gradient_bottom_color:rgba(255,255,255,0);--button_gradient_top_color_hover:hsla(var(--awb-color1-h),var(--awb-color1-s),var(--awb-color1-l),calc( var(--awb-color1-a) - 96.5% ));--button_gradient_bottom_color_hover:hsla(var(--awb-color1-h),var(--awb-color1-s),var(--awb-color1-l),calc( var(--awb-color1-a) - 96.5% ));\" target=\"_self\" href=\"https:\/\/dynax.io\/de\/leistungen\/\"><span class=\"fusion-button-text awb-button__text awb-button__text--default\">MEHR ERFAHREN<\/span><\/a><\/div><\/div><\/div><\/div><\/div><\/p>\n","protected":false},"excerpt":{"rendered":"","protected":false},"author":1,"featured_media":0,"parent":0,"menu_order":0,"comment_status":"closed","ping_status":"closed","template":"100-width.php","meta":{"footnotes":""},"class_list":["post-1231","page","type-page","status-publish","hentry"],"yoast_head":"<!-- This site is optimized with the Yoast SEO plugin v27.4 - https:\/\/yoast.com\/product\/yoast-seo-wordpress\/ -->\n<title>Willkommen - dynaxio AG<\/title>\n<meta name=\"description\" content=\"Willkommen bei dynaxio, Ihrem Partner f\u00fcr innovative Technologiel\u00f6sungen. Entdecken Sie, wie wir die digitale Transformation vorantreiben.\" \/>\n<meta name=\"robots\" content=\"index, follow, max-snippet:-1, max-image-preview:large, max-video-preview:-1\" \/>\n<link rel=\"canonical\" href=\"https:\/\/dynax.io\/de\/\" \/>\n<meta property=\"og:locale\" content=\"de_DE\" \/>\n<meta property=\"og:type\" content=\"article\" \/>\n<meta property=\"og:title\" content=\"Willkommen - dynaxio AG\" \/>\n<meta property=\"og:description\" content=\"Willkommen bei dynaxio, Ihrem Partner f\u00fcr innovative Technologiel\u00f6sungen. Entdecken Sie, wie wir die digitale Transformation vorantreiben.\" \/>\n<meta property=\"og:url\" content=\"https:\/\/dynax.io\/de\/\" \/>\n<meta property=\"og:site_name\" content=\"dynaxio AG\" \/>\n<meta property=\"article:modified_time\" content=\"2024-12-10T17:33:57+00:00\" \/>\n<meta name=\"twitter:card\" content=\"summary_large_image\" \/>\n<meta name=\"twitter:label1\" content=\"Gesch\u00e4tzte Lesezeit\" \/>\n\t<meta name=\"twitter:data1\" content=\"1\u00a0Minute\" \/>\n<script type=\"application\/ld+json\" class=\"yoast-schema-graph\">{\"@context\":\"https:\\\/\\\/schema.org\",\"@graph\":[{\"@type\":\"WebPage\",\"@id\":\"https:\\\/\\\/dynax.io\\\/de\\\/\",\"url\":\"https:\\\/\\\/dynax.io\\\/de\\\/\",\"name\":\"Willkommen - dynaxio AG\",\"isPartOf\":{\"@id\":\"https:\\\/\\\/dynax.io\\\/de\\\/#website\"},\"datePublished\":\"2021-05-12T14:41:37+00:00\",\"dateModified\":\"2024-12-10T17:33:57+00:00\",\"description\":\"Willkommen bei dynaxio, Ihrem Partner f\u00fcr innovative Technologiel\u00f6sungen. Entdecken Sie, wie wir die digitale Transformation vorantreiben.\",\"breadcrumb\":{\"@id\":\"https:\\\/\\\/dynax.io\\\/de\\\/#breadcrumb\"},\"inLanguage\":\"de\",\"potentialAction\":[{\"@type\":\"ReadAction\",\"target\":[\"https:\\\/\\\/dynax.io\\\/de\\\/\"]}]},{\"@type\":\"BreadcrumbList\",\"@id\":\"https:\\\/\\\/dynax.io\\\/de\\\/#breadcrumb\",\"itemListElement\":[{\"@type\":\"ListItem\",\"position\":1,\"name\":\"Home\",\"item\":\"https:\\\/\\\/dynax.io\\\/de\\\/\"},{\"@type\":\"ListItem\",\"position\":2,\"name\":\"Willkommen\"}]},{\"@type\":\"WebSite\",\"@id\":\"https:\\\/\\\/dynax.io\\\/de\\\/#website\",\"url\":\"https:\\\/\\\/dynax.io\\\/de\\\/\",\"name\":\"dynaxio AG\",\"description\":\"Digital Solutions Boutique\",\"potentialAction\":[{\"@type\":\"SearchAction\",\"target\":{\"@type\":\"EntryPoint\",\"urlTemplate\":\"https:\\\/\\\/dynax.io\\\/de\\\/?s={search_term_string}\"},\"query-input\":{\"@type\":\"PropertyValueSpecification\",\"valueRequired\":true,\"valueName\":\"search_term_string\"}}],\"inLanguage\":\"de\"}]}<\/script>\n<!-- \/ Yoast SEO plugin. -->","yoast_head_json":{"title":"Willkommen - dynaxio AG","description":"Willkommen bei dynaxio, Ihrem Partner f\u00fcr innovative Technologiel\u00f6sungen. Entdecken Sie, wie wir die digitale Transformation vorantreiben.","robots":{"index":"index","follow":"follow","max-snippet":"max-snippet:-1","max-image-preview":"max-image-preview:large","max-video-preview":"max-video-preview:-1"},"canonical":"https:\/\/dynax.io\/de\/","og_locale":"de_DE","og_type":"article","og_title":"Willkommen - dynaxio AG","og_description":"Willkommen bei dynaxio, Ihrem Partner f\u00fcr innovative Technologiel\u00f6sungen. Entdecken Sie, wie wir die digitale Transformation vorantreiben.","og_url":"https:\/\/dynax.io\/de\/","og_site_name":"dynaxio AG","article_modified_time":"2024-12-10T17:33:57+00:00","twitter_card":"summary_large_image","twitter_misc":{"Gesch\u00e4tzte Lesezeit":"1\u00a0Minute"},"schema":{"@context":"https:\/\/schema.org","@graph":[{"@type":"WebPage","@id":"https:\/\/dynax.io\/de\/","url":"https:\/\/dynax.io\/de\/","name":"Willkommen - dynaxio AG","isPartOf":{"@id":"https:\/\/dynax.io\/de\/#website"},"datePublished":"2021-05-12T14:41:37+00:00","dateModified":"2024-12-10T17:33:57+00:00","description":"Willkommen bei dynaxio, Ihrem Partner f\u00fcr innovative Technologiel\u00f6sungen. Entdecken Sie, wie wir die digitale Transformation vorantreiben.","breadcrumb":{"@id":"https:\/\/dynax.io\/de\/#breadcrumb"},"inLanguage":"de","potentialAction":[{"@type":"ReadAction","target":["https:\/\/dynax.io\/de\/"]}]},{"@type":"BreadcrumbList","@id":"https:\/\/dynax.io\/de\/#breadcrumb","itemListElement":[{"@type":"ListItem","position":1,"name":"Home","item":"https:\/\/dynax.io\/de\/"},{"@type":"ListItem","position":2,"name":"Willkommen"}]},{"@type":"WebSite","@id":"https:\/\/dynax.io\/de\/#website","url":"https:\/\/dynax.io\/de\/","name":"dynaxio AG","description":"Digital Solutions Boutique","potentialAction":[{"@type":"SearchAction","target":{"@type":"EntryPoint","urlTemplate":"https:\/\/dynax.io\/de\/?s={search_term_string}"},"query-input":{"@type":"PropertyValueSpecification","valueRequired":true,"valueName":"search_term_string"}}],"inLanguage":"de"}]}},"_links":{"self":[{"href":"https:\/\/dynax.io\/de\/wp-json\/wp\/v2\/pages\/1231","targetHints":{"allow":["GET"]}}],"collection":[{"href":"https:\/\/dynax.io\/de\/wp-json\/wp\/v2\/pages"}],"about":[{"href":"https:\/\/dynax.io\/de\/wp-json\/wp\/v2\/types\/page"}],"author":[{"embeddable":true,"href":"https:\/\/dynax.io\/de\/wp-json\/wp\/v2\/users\/1"}],"replies":[{"embeddable":true,"href":"https:\/\/dynax.io\/de\/wp-json\/wp\/v2\/comments?post=1231"}],"version-history":[{"count":12,"href":"https:\/\/dynax.io\/de\/wp-json\/wp\/v2\/pages\/1231\/revisions"}],"predecessor-version":[{"id":1323,"href":"https:\/\/dynax.io\/de\/wp-json\/wp\/v2\/pages\/1231\/revisions\/1323"}],"wp:attachment":[{"href":"https:\/\/dynax.io\/de\/wp-json\/wp\/v2\/media?parent=1231"}],"curies":[{"name":"wp","href":"https:\/\/api.w.org\/{rel}","templated":true}]}}